{"id":4213,"date":"2025-03-04T07:09:35","date_gmt":"2025-03-04T07:09:35","guid":{"rendered":"https:\/\/kassideturvakodu.ee\/kassid\/fraulein\/"},"modified":"2025-03-04T07:09:35","modified_gmt":"2025-03-04T07:09:35","slug":"fraulein","status":"publish","type":"product","link":"https:\/\/kassideturvakodu.ee\/en\/kassid\/fraulein\/","title":{"rendered":"FR\u00c4ULEIN"},"content":{"rendered":"<p>NEW HOME!<\/p>\n<p>Fr\u00e4ulein comes from a large colony in L\u00e4\u00e4ne-Viru County, where 30 cats were left homeless by their owner.<\/p>\n<p>He likes to sleep in bed or on the sofa next to people, lets them pet him and even asks for more with his paw. He is very affectionate and not at all aggressive towards humans. Happy to snuggle in your lap. Quietly starts to play with toys. At a loud voice or a sudden movement, he may startle and jump away, but will not run for cover and will come back to seek closeness quite quickly. Prefers to be the only cat in the family.     <\/p>\n","protected":false},"excerpt":{"rendered":"<p>In a new home 15.01.2025<\/p>\n","protected":false},"featured_media":0,"template":"","meta":[],"product_brand":[],"product_cat":[77,78],"product_tag":[],"class_list":{"0":"post-4213","1":"product","2":"type-product","3":"status-publish","5":"product_cat-cats","6":"product_cat-found-a-home","8":"first","9":"instock","10":"shipping-taxable","11":"product-type-simple"},"yoast_head":"<!-- This site is optimized with the Yoast SEO plugin v27.4 - https:\/\/yoast.com\/product\/yoast-seo-wordpress\/ -->\n<title>FR\u00c4ULEIN | MT&Uuml; Kasside Turvakodu<\/title>\n<meta name=\"robots\" content=\"index, follow, max-snippet:-1, max-image-preview:large, max-video-preview:-1\" \/>\n<link rel=\"canonical\" href=\"https:\/\/kassideturvakodu.ee\/en\/kassid\/fraulein\/\" \/>\n<meta property=\"og:locale\" content=\"en_US\" \/>\n<meta property=\"og:type\" content=\"article\" \/>\n<meta property=\"og:title\" content=\"FR\u00c4ULEIN | MT&Uuml; Kasside Turvakodu\" \/>\n<meta property=\"og:description\" content=\"In a new home 15.01.2025\" \/>\n<meta property=\"og:url\" content=\"https:\/\/kassideturvakodu.ee\/en\/kassid\/fraulein\/\" \/>\n<meta property=\"og:site_name\" content=\"MT&Uuml; Kasside Turvakodu\" \/>\n<meta property=\"og:image\" content=\"https:\/\/kassideturvakodu.ee\/wp-content\/uploads\/2025\/03\/image-18-04-24-02-43-1-450x600-1.jpeg\" \/>\n\t<meta property=\"og:image:width\" content=\"450\" \/>\n\t<meta property=\"og:image:height\" content=\"600\" \/>\n\t<meta property=\"og:image:type\" content=\"image\/jpeg\" \/>\n<meta name=\"twitter:card\" content=\"summary_large_image\" \/>\n<meta name=\"twitter:label1\" content=\"Est. reading time\" \/>\n\t<meta name=\"twitter:data1\" content=\"1 minute\" \/>\n<script type=\"application\/ld+json\" class=\"yoast-schema-graph\">{\"@context\":\"https:\\\/\\\/schema.org\",\"@graph\":[{\"@type\":\"WebPage\",\"@id\":\"https:\\\/\\\/kassideturvakodu.ee\\\/en\\\/kassid\\\/fraulein\\\/\",\"url\":\"https:\\\/\\\/kassideturvakodu.ee\\\/en\\\/kassid\\\/fraulein\\\/\",\"name\":\"FR\u00c4ULEIN | MT&Uuml; Kasside Turvakodu\",\"isPartOf\":{\"@id\":\"https:\\\/\\\/kassideturvakodu.ee\\\/#website\"},\"datePublished\":\"2025-03-04T07:09:35+00:00\",\"breadcrumb\":{\"@id\":\"https:\\\/\\\/kassideturvakodu.ee\\\/en\\\/kassid\\\/fraulein\\\/#breadcrumb\"},\"inLanguage\":\"en-US\",\"potentialAction\":[{\"@type\":\"ReadAction\",\"target\":[\"https:\\\/\\\/kassideturvakodu.ee\\\/en\\\/kassid\\\/fraulein\\\/\"]}]},{\"@type\":\"BreadcrumbList\",\"@id\":\"https:\\\/\\\/kassideturvakodu.ee\\\/en\\\/kassid\\\/fraulein\\\/#breadcrumb\",\"itemListElement\":[{\"@type\":\"ListItem\",\"position\":1,\"name\":\"Home\",\"item\":\"https:\\\/\\\/kassideturvakodu.ee\\\/en\\\/\"},{\"@type\":\"ListItem\",\"position\":2,\"name\":\"Tooted\",\"item\":\"https:\\\/\\\/kassideturvakodu.ee\\\/shop\\\/\"},{\"@type\":\"ListItem\",\"position\":3,\"name\":\"FR\u00c4ULEIN\"}]},{\"@type\":\"WebSite\",\"@id\":\"https:\\\/\\\/kassideturvakodu.ee\\\/#website\",\"url\":\"https:\\\/\\\/kassideturvakodu.ee\\\/\",\"name\":\"MT&Uuml; Kasside Turvakodu\",\"description\":\"\",\"publisher\":{\"@id\":\"https:\\\/\\\/kassideturvakodu.ee\\\/#organization\"},\"potentialAction\":[{\"@type\":\"SearchAction\",\"target\":{\"@type\":\"EntryPoint\",\"urlTemplate\":\"https:\\\/\\\/kassideturvakodu.ee\\\/?s={search_term_string}\"},\"query-input\":{\"@type\":\"PropertyValueSpecification\",\"valueRequired\":true,\"valueName\":\"search_term_string\"}}],\"inLanguage\":\"en-US\"},{\"@type\":\"Organization\",\"@id\":\"https:\\\/\\\/kassideturvakodu.ee\\\/#organization\",\"name\":\"MT&Uuml; Kasside Turvakodu\",\"url\":\"https:\\\/\\\/kassideturvakodu.ee\\\/\",\"logo\":{\"@type\":\"ImageObject\",\"inLanguage\":\"en-US\",\"@id\":\"https:\\\/\\\/kassideturvakodu.ee\\\/#\\\/schema\\\/logo\\\/image\\\/\",\"url\":\"https:\\\/\\\/kassideturvakodu.ee\\\/wp-content\\\/uploads\\\/2024\\\/12\\\/kassid.png\",\"contentUrl\":\"https:\\\/\\\/kassideturvakodu.ee\\\/wp-content\\\/uploads\\\/2024\\\/12\\\/kassid.png\",\"width\":120,\"height\":130,\"caption\":\"MT&Uuml; Kasside Turvakodu\"},\"image\":{\"@id\":\"https:\\\/\\\/kassideturvakodu.ee\\\/#\\\/schema\\\/logo\\\/image\\\/\"}}]}<\/script>\n<!-- \/ Yoast SEO plugin. -->","yoast_head_json":{"title":"FR\u00c4ULEIN | MT&Uuml; Kasside Turvakodu","robots":{"index":"index","follow":"follow","max-snippet":"max-snippet:-1","max-image-preview":"max-image-preview:large","max-video-preview":"max-video-preview:-1"},"canonical":"https:\/\/kassideturvakodu.ee\/en\/kassid\/fraulein\/","og_locale":"en_US","og_type":"article","og_title":"FR\u00c4ULEIN | MT&Uuml; Kasside Turvakodu","og_description":"In a new home 15.01.2025","og_url":"https:\/\/kassideturvakodu.ee\/en\/kassid\/fraulein\/","og_site_name":"MT&Uuml; Kasside Turvakodu","og_image":[{"width":450,"height":600,"url":"https:\/\/kassideturvakodu.ee\/wp-content\/uploads\/2025\/03\/image-18-04-24-02-43-1-450x600-1.jpeg","type":"image\/jpeg"}],"twitter_card":"summary_large_image","twitter_misc":{"Est. reading time":"1 minute"},"schema":{"@context":"https:\/\/schema.org","@graph":[{"@type":"WebPage","@id":"https:\/\/kassideturvakodu.ee\/en\/kassid\/fraulein\/","url":"https:\/\/kassideturvakodu.ee\/en\/kassid\/fraulein\/","name":"FR\u00c4ULEIN | MT&Uuml; Kasside Turvakodu","isPartOf":{"@id":"https:\/\/kassideturvakodu.ee\/#website"},"datePublished":"2025-03-04T07:09:35+00:00","breadcrumb":{"@id":"https:\/\/kassideturvakodu.ee\/en\/kassid\/fraulein\/#breadcrumb"},"inLanguage":"en-US","potentialAction":[{"@type":"ReadAction","target":["https:\/\/kassideturvakodu.ee\/en\/kassid\/fraulein\/"]}]},{"@type":"BreadcrumbList","@id":"https:\/\/kassideturvakodu.ee\/en\/kassid\/fraulein\/#breadcrumb","itemListElement":[{"@type":"ListItem","position":1,"name":"Home","item":"https:\/\/kassideturvakodu.ee\/en\/"},{"@type":"ListItem","position":2,"name":"Tooted","item":"https:\/\/kassideturvakodu.ee\/shop\/"},{"@type":"ListItem","position":3,"name":"FR\u00c4ULEIN"}]},{"@type":"WebSite","@id":"https:\/\/kassideturvakodu.ee\/#website","url":"https:\/\/kassideturvakodu.ee\/","name":"MT&Uuml; Kasside Turvakodu","description":"","publisher":{"@id":"https:\/\/kassideturvakodu.ee\/#organization"},"potentialAction":[{"@type":"SearchAction","target":{"@type":"EntryPoint","urlTemplate":"https:\/\/kassideturvakodu.ee\/?s={search_term_string}"},"query-input":{"@type":"PropertyValueSpecification","valueRequired":true,"valueName":"search_term_string"}}],"inLanguage":"en-US"},{"@type":"Organization","@id":"https:\/\/kassideturvakodu.ee\/#organization","name":"MT&Uuml; Kasside Turvakodu","url":"https:\/\/kassideturvakodu.ee\/","logo":{"@type":"ImageObject","inLanguage":"en-US","@id":"https:\/\/kassideturvakodu.ee\/#\/schema\/logo\/image\/","url":"https:\/\/kassideturvakodu.ee\/wp-content\/uploads\/2024\/12\/kassid.png","contentUrl":"https:\/\/kassideturvakodu.ee\/wp-content\/uploads\/2024\/12\/kassid.png","width":120,"height":130,"caption":"MT&Uuml; Kasside Turvakodu"},"image":{"@id":"https:\/\/kassideturvakodu.ee\/#\/schema\/logo\/image\/"}}]}},"_links":{"self":[{"href":"https:\/\/kassideturvakodu.ee\/en\/wp-json\/wp\/v2\/product\/4213","targetHints":{"allow":["GET"]}}],"collection":[{"href":"https:\/\/kassideturvakodu.ee\/en\/wp-json\/wp\/v2\/product"}],"about":[{"href":"https:\/\/kassideturvakodu.ee\/en\/wp-json\/wp\/v2\/types\/product"}],"wp:attachment":[{"href":"https:\/\/kassideturvakodu.ee\/en\/wp-json\/wp\/v2\/media?parent=4213"}],"wp:term":[{"taxonomy":"product_brand","embeddable":true,"href":"https:\/\/kassideturvakodu.ee\/en\/wp-json\/wp\/v2\/product_brand?post=4213"},{"taxonomy":"product_cat","embeddable":true,"href":"https:\/\/kassideturvakodu.ee\/en\/wp-json\/wp\/v2\/product_cat?post=4213"},{"taxonomy":"product_tag","embeddable":true,"href":"https:\/\/kassideturvakodu.ee\/en\/wp-json\/wp\/v2\/product_tag?post=4213"}],"curies":[{"name":"wp","href":"https:\/\/api.w.org\/{rel}","templated":true}]}}