{"id":4198,"date":"2024-03-02T12:01:00","date_gmt":"2024-03-02T12:01:00","guid":{"rendered":"https:\/\/kassideturvakodu.ee\/kassid\/late\/"},"modified":"2025-03-02T12:01:00","modified_gmt":"2025-03-02T12:01:00","slug":"late","status":"publish","type":"product","link":"https:\/\/kassideturvakodu.ee\/en\/kassid\/late\/","title":{"rendered":"LATE"},"content":{"rendered":"<div class=\"xdj266r x11i5rnm xat24cr x1mh8g0r x1vvkbs x126k92a\">\n<p dir=\"auto\">IS THERE A DADDY MISSING FROM YOUR HOME? WE&#8217;VE GOT A SQUEEZE FOR YOU! OFFER HIM A HOME!    <span class=\"html-span xexx8yu x4uap5 x18d9i69 xkhd6sd x1hl2dhg x16tdsg8 x1vvkbs x3nfvp2 x1j61x8r x1fcty0u xdj266r xat24cr xgzva0m xhhsvwb xxymvpz xlup9mm x1kky2od\"><img decoding=\"async\" class=\"xz74otr\" src=\"https:\/\/static.xx.fbcdn.net\/images\/emoji.php\/v9\/t89\/2\/16\/1f970.png\" alt=\"\ud83e\udd70\" width=\"16\" height=\"16\"><\/span><\/p>\n<\/div>\n<p dir=\"auto\">Is it also the case in your home that no one knows where the pine cones went? Nobody knows where the other sock went? Is it poison that no one knows where your favourite pair of trousers or shirt is? Or no one knows where your child&#8217;s homework went? In a famous book, you always knew that P\u00e4tu knows! If your family needs answers to these questions but doesn&#8217;t have a P\u00e4tu, come and give a home to our beloved P\u00e4tu!     <\/p>\n<p dir=\"auto\">The Little Fella is just as funny as in the famous book, because our Little Fella can do all sorts of fun tricks! Clearly, it&#8217;s fun to play in the bathtub, he knows to look for a missing sock in the wardrobe and he also knows where his glasses have gone! When he doesn&#8217;t have to do any detective work, P\u00e4tu&#8217;s favourite place to be is with a human &#8211; enjoying cuddles and closeness!  <\/p>\n<p dir=\"auto\">Unfortunately, P\u00e4tu doesn&#8217;t have his own big family to look for things as a team and share evening treats. P\u00e4tu would love to find some heart friends to start a life together! <\/p>\n<p dir=\"auto\">If you would like to offer a home to P\u00e4tu, click on the \u201cOffer a home\u201d button below and fill in the home offer form. We will contact you shortly. <\/p>\n","protected":false},"excerpt":{"rendered":"<p>Super friendly and lovable P\u00e4tu has been waiting for a home for a year now<\/p>\n","protected":false},"featured_media":2912,"template":"","meta":[],"product_brand":[],"product_cat":[77,82],"product_tag":[],"class_list":{"0":"post-4198","1":"product","2":"type-product","3":"status-publish","4":"has-post-thumbnail","6":"product_cat-cats","7":"product_cat-looking-for-a-home","9":"first","10":"instock","11":"shipping-taxable","12":"product-type-simple"},"yoast_head":"<!-- This site is optimized with the Yoast SEO plugin v27.4 - https:\/\/yoast.com\/product\/yoast-seo-wordpress\/ -->\n<title>LATE | MT&Uuml; Kasside Turvakodu<\/title>\n<meta name=\"robots\" content=\"index, follow, max-snippet:-1, max-image-preview:large, max-video-preview:-1\" \/>\n<link rel=\"canonical\" href=\"https:\/\/kassideturvakodu.ee\/en\/kassid\/late\/\" \/>\n<meta property=\"og:locale\" content=\"en_US\" \/>\n<meta property=\"og:type\" content=\"article\" \/>\n<meta property=\"og:title\" content=\"LATE | MT&Uuml; Kasside Turvakodu\" \/>\n<meta property=\"og:description\" content=\"Super friendly and lovable P\u00e4tu has been waiting for a home for a year now\" \/>\n<meta property=\"og:url\" content=\"https:\/\/kassideturvakodu.ee\/en\/kassid\/late\/\" \/>\n<meta property=\"og:site_name\" content=\"MT&Uuml; Kasside Turvakodu\" \/>\n<meta property=\"article:modified_time\" content=\"2025-03-02T12:01:00+00:00\" \/>\n<meta property=\"og:image\" content=\"https:\/\/kassideturvakodu.ee\/wp-content\/uploads\/2025\/03\/435065725_7302718953152672_1512210889956028666_n-450x600-1.jpg\" \/>\n\t<meta property=\"og:image:width\" content=\"450\" \/>\n\t<meta property=\"og:image:height\" content=\"600\" \/>\n\t<meta property=\"og:image:type\" content=\"image\/jpeg\" \/>\n<meta name=\"twitter:card\" content=\"summary_large_image\" \/>\n<meta name=\"twitter:label1\" content=\"Est. reading time\" \/>\n\t<meta name=\"twitter:data1\" content=\"1 minute\" \/>\n<script type=\"application\/ld+json\" class=\"yoast-schema-graph\">{\"@context\":\"https:\\\/\\\/schema.org\",\"@graph\":[{\"@type\":\"WebPage\",\"@id\":\"https:\\\/\\\/kassideturvakodu.ee\\\/en\\\/kassid\\\/late\\\/\",\"url\":\"https:\\\/\\\/kassideturvakodu.ee\\\/en\\\/kassid\\\/late\\\/\",\"name\":\"LATE | MT&Uuml; Kasside Turvakodu\",\"isPartOf\":{\"@id\":\"https:\\\/\\\/kassideturvakodu.ee\\\/#website\"},\"primaryImageOfPage\":{\"@id\":\"https:\\\/\\\/kassideturvakodu.ee\\\/en\\\/kassid\\\/late\\\/#primaryimage\"},\"image\":{\"@id\":\"https:\\\/\\\/kassideturvakodu.ee\\\/en\\\/kassid\\\/late\\\/#primaryimage\"},\"thumbnailUrl\":\"https:\\\/\\\/kassideturvakodu.ee\\\/wp-content\\\/uploads\\\/2025\\\/03\\\/435065725_7302718953152672_1512210889956028666_n-450x600-1.jpg\",\"datePublished\":\"2024-03-02T12:01:00+00:00\",\"dateModified\":\"2025-03-02T12:01:00+00:00\",\"breadcrumb\":{\"@id\":\"https:\\\/\\\/kassideturvakodu.ee\\\/en\\\/kassid\\\/late\\\/#breadcrumb\"},\"inLanguage\":\"en-US\",\"potentialAction\":[{\"@type\":\"ReadAction\",\"target\":[\"https:\\\/\\\/kassideturvakodu.ee\\\/en\\\/kassid\\\/late\\\/\"]}]},{\"@type\":\"ImageObject\",\"inLanguage\":\"en-US\",\"@id\":\"https:\\\/\\\/kassideturvakodu.ee\\\/en\\\/kassid\\\/late\\\/#primaryimage\",\"url\":\"https:\\\/\\\/kassideturvakodu.ee\\\/wp-content\\\/uploads\\\/2025\\\/03\\\/435065725_7302718953152672_1512210889956028666_n-450x600-1.jpg\",\"contentUrl\":\"https:\\\/\\\/kassideturvakodu.ee\\\/wp-content\\\/uploads\\\/2025\\\/03\\\/435065725_7302718953152672_1512210889956028666_n-450x600-1.jpg\",\"width\":450,\"height\":600},{\"@type\":\"BreadcrumbList\",\"@id\":\"https:\\\/\\\/kassideturvakodu.ee\\\/en\\\/kassid\\\/late\\\/#breadcrumb\",\"itemListElement\":[{\"@type\":\"ListItem\",\"position\":1,\"name\":\"Home\",\"item\":\"https:\\\/\\\/kassideturvakodu.ee\\\/en\\\/\"},{\"@type\":\"ListItem\",\"position\":2,\"name\":\"Tooted\",\"item\":\"https:\\\/\\\/kassideturvakodu.ee\\\/shop\\\/\"},{\"@type\":\"ListItem\",\"position\":3,\"name\":\"LATE\"}]},{\"@type\":\"WebSite\",\"@id\":\"https:\\\/\\\/kassideturvakodu.ee\\\/#website\",\"url\":\"https:\\\/\\\/kassideturvakodu.ee\\\/\",\"name\":\"MT&Uuml; Kasside Turvakodu\",\"description\":\"\",\"publisher\":{\"@id\":\"https:\\\/\\\/kassideturvakodu.ee\\\/#organization\"},\"potentialAction\":[{\"@type\":\"SearchAction\",\"target\":{\"@type\":\"EntryPoint\",\"urlTemplate\":\"https:\\\/\\\/kassideturvakodu.ee\\\/?s={search_term_string}\"},\"query-input\":{\"@type\":\"PropertyValueSpecification\",\"valueRequired\":true,\"valueName\":\"search_term_string\"}}],\"inLanguage\":\"en-US\"},{\"@type\":\"Organization\",\"@id\":\"https:\\\/\\\/kassideturvakodu.ee\\\/#organization\",\"name\":\"MT&Uuml; Kasside Turvakodu\",\"url\":\"https:\\\/\\\/kassideturvakodu.ee\\\/\",\"logo\":{\"@type\":\"ImageObject\",\"inLanguage\":\"en-US\",\"@id\":\"https:\\\/\\\/kassideturvakodu.ee\\\/#\\\/schema\\\/logo\\\/image\\\/\",\"url\":\"https:\\\/\\\/kassideturvakodu.ee\\\/wp-content\\\/uploads\\\/2024\\\/12\\\/kassid.png\",\"contentUrl\":\"https:\\\/\\\/kassideturvakodu.ee\\\/wp-content\\\/uploads\\\/2024\\\/12\\\/kassid.png\",\"width\":120,\"height\":130,\"caption\":\"MT&Uuml; Kasside Turvakodu\"},\"image\":{\"@id\":\"https:\\\/\\\/kassideturvakodu.ee\\\/#\\\/schema\\\/logo\\\/image\\\/\"}}]}<\/script>\n<!-- \/ Yoast SEO plugin. -->","yoast_head_json":{"title":"LATE | MT&Uuml; Kasside Turvakodu","robots":{"index":"index","follow":"follow","max-snippet":"max-snippet:-1","max-image-preview":"max-image-preview:large","max-video-preview":"max-video-preview:-1"},"canonical":"https:\/\/kassideturvakodu.ee\/en\/kassid\/late\/","og_locale":"en_US","og_type":"article","og_title":"LATE | MT&Uuml; Kasside Turvakodu","og_description":"Super friendly and lovable P\u00e4tu has been waiting for a home for a year now","og_url":"https:\/\/kassideturvakodu.ee\/en\/kassid\/late\/","og_site_name":"MT&Uuml; Kasside Turvakodu","article_modified_time":"2025-03-02T12:01:00+00:00","og_image":[{"width":450,"height":600,"url":"https:\/\/kassideturvakodu.ee\/wp-content\/uploads\/2025\/03\/435065725_7302718953152672_1512210889956028666_n-450x600-1.jpg","type":"image\/jpeg"}],"twitter_card":"summary_large_image","twitter_misc":{"Est. reading time":"1 minute"},"schema":{"@context":"https:\/\/schema.org","@graph":[{"@type":"WebPage","@id":"https:\/\/kassideturvakodu.ee\/en\/kassid\/late\/","url":"https:\/\/kassideturvakodu.ee\/en\/kassid\/late\/","name":"LATE | MT&Uuml; Kasside Turvakodu","isPartOf":{"@id":"https:\/\/kassideturvakodu.ee\/#website"},"primaryImageOfPage":{"@id":"https:\/\/kassideturvakodu.ee\/en\/kassid\/late\/#primaryimage"},"image":{"@id":"https:\/\/kassideturvakodu.ee\/en\/kassid\/late\/#primaryimage"},"thumbnailUrl":"https:\/\/kassideturvakodu.ee\/wp-content\/uploads\/2025\/03\/435065725_7302718953152672_1512210889956028666_n-450x600-1.jpg","datePublished":"2024-03-02T12:01:00+00:00","dateModified":"2025-03-02T12:01:00+00:00","breadcrumb":{"@id":"https:\/\/kassideturvakodu.ee\/en\/kassid\/late\/#breadcrumb"},"inLanguage":"en-US","potentialAction":[{"@type":"ReadAction","target":["https:\/\/kassideturvakodu.ee\/en\/kassid\/late\/"]}]},{"@type":"ImageObject","inLanguage":"en-US","@id":"https:\/\/kassideturvakodu.ee\/en\/kassid\/late\/#primaryimage","url":"https:\/\/kassideturvakodu.ee\/wp-content\/uploads\/2025\/03\/435065725_7302718953152672_1512210889956028666_n-450x600-1.jpg","contentUrl":"https:\/\/kassideturvakodu.ee\/wp-content\/uploads\/2025\/03\/435065725_7302718953152672_1512210889956028666_n-450x600-1.jpg","width":450,"height":600},{"@type":"BreadcrumbList","@id":"https:\/\/kassideturvakodu.ee\/en\/kassid\/late\/#breadcrumb","itemListElement":[{"@type":"ListItem","position":1,"name":"Home","item":"https:\/\/kassideturvakodu.ee\/en\/"},{"@type":"ListItem","position":2,"name":"Tooted","item":"https:\/\/kassideturvakodu.ee\/shop\/"},{"@type":"ListItem","position":3,"name":"LATE"}]},{"@type":"WebSite","@id":"https:\/\/kassideturvakodu.ee\/#website","url":"https:\/\/kassideturvakodu.ee\/","name":"MT&Uuml; Kasside Turvakodu","description":"","publisher":{"@id":"https:\/\/kassideturvakodu.ee\/#organization"},"potentialAction":[{"@type":"SearchAction","target":{"@type":"EntryPoint","urlTemplate":"https:\/\/kassideturvakodu.ee\/?s={search_term_string}"},"query-input":{"@type":"PropertyValueSpecification","valueRequired":true,"valueName":"search_term_string"}}],"inLanguage":"en-US"},{"@type":"Organization","@id":"https:\/\/kassideturvakodu.ee\/#organization","name":"MT&Uuml; Kasside Turvakodu","url":"https:\/\/kassideturvakodu.ee\/","logo":{"@type":"ImageObject","inLanguage":"en-US","@id":"https:\/\/kassideturvakodu.ee\/#\/schema\/logo\/image\/","url":"https:\/\/kassideturvakodu.ee\/wp-content\/uploads\/2024\/12\/kassid.png","contentUrl":"https:\/\/kassideturvakodu.ee\/wp-content\/uploads\/2024\/12\/kassid.png","width":120,"height":130,"caption":"MT&Uuml; Kasside Turvakodu"},"image":{"@id":"https:\/\/kassideturvakodu.ee\/#\/schema\/logo\/image\/"}}]}},"_links":{"self":[{"href":"https:\/\/kassideturvakodu.ee\/en\/wp-json\/wp\/v2\/product\/4198","targetHints":{"allow":["GET"]}}],"collection":[{"href":"https:\/\/kassideturvakodu.ee\/en\/wp-json\/wp\/v2\/product"}],"about":[{"href":"https:\/\/kassideturvakodu.ee\/en\/wp-json\/wp\/v2\/types\/product"}],"wp:featuredmedia":[{"embeddable":true,"href":"https:\/\/kassideturvakodu.ee\/en\/wp-json\/wp\/v2\/media\/2912"}],"wp:attachment":[{"href":"https:\/\/kassideturvakodu.ee\/en\/wp-json\/wp\/v2\/media?parent=4198"}],"wp:term":[{"taxonomy":"product_brand","embeddable":true,"href":"https:\/\/kassideturvakodu.ee\/en\/wp-json\/wp\/v2\/product_brand?post=4198"},{"taxonomy":"product_cat","embeddable":true,"href":"https:\/\/kassideturvakodu.ee\/en\/wp-json\/wp\/v2\/product_cat?post=4198"},{"taxonomy":"product_tag","embeddable":true,"href":"https:\/\/kassideturvakodu.ee\/en\/wp-json\/wp\/v2\/product_tag?post=4198"}],"curies":[{"name":"wp","href":"https:\/\/api.w.org\/{rel}","templated":true}]}}