{"id":3192,"date":"2025-01-01T11:02:25","date_gmt":"2025-01-01T11:02:25","guid":{"rendered":"https:\/\/kassideturvakodu.ee\/looking-for-a-home\/"},"modified":"2025-06-04T11:20:48","modified_gmt":"2025-06-04T11:20:48","slug":"looking-for-a-home","status":"publish","type":"page","link":"https:\/\/kassideturvakodu.ee\/en\/looking-for-a-home\/","title":{"rendered":"Looking for a home"},"content":{"rendered":"\t\t<div data-elementor-type=\"wp-page\" data-elementor-id=\"3192\" class=\"elementor elementor-3192 elementor-1727\" data-elementor-post-type=\"page\">\n\t\t\t\t<div class=\"elementor-element elementor-element-35c9b13 e-flex e-con-boxed sc_layouts_column_icons_position_left e-con e-parent\" data-id=\"35c9b13\" data-element_type=\"container\" data-e-type=\"container\">\n\t\t\t\t\t<div class=\"e-con-inner\">\n\t\t\t\t<div class=\"elementor-element elementor-element-45a19b9 sc_fly_static elementor-widget elementor-widget-heading\" data-id=\"45a19b9\" data-element_type=\"widget\" data-e-type=\"widget\" data-widget_type=\"heading.default\">\n\t\t\t\t<div class=\"elementor-widget-container\">\n\t\t\t\t\t<h1 class=\"elementor-heading-title elementor-size-default\">Search for a soulmate<\/h1>\t\t\t\t<\/div>\n\t\t\t\t<\/div>\n\t\t<div class=\"elementor-element elementor-element-9314532 e-con-full e-flex sc_layouts_column_icons_position_left e-con e-child\" data-id=\"9314532\" data-element_type=\"container\" data-e-type=\"container\">\n\t\t\t\t<div class=\"elementor-element elementor-element-5b165ed sc_fly_static elementor-widget elementor-widget-taxonomy-filter\" data-id=\"5b165ed\" data-element_type=\"widget\" data-e-type=\"widget\" data-settings=\"{&quot;selected_element&quot;:&quot;bd4c6f0&quot;,&quot;taxonomy&quot;:&quot;pa_sugu&quot;,&quot;item_alignment_horizontal&quot;:&quot;start&quot;,&quot;horizontal_scroll&quot;:&quot;disable&quot;}\" data-widget_type=\"taxonomy-filter.default\">\n\t\t\t\t<div class=\"elementor-widget-container\">\n\t\t\t\t\t\t\t<search class=\"e-filter\" role=\"search\" data-base-url=\"https:\/\/kassideturvakodu.ee\/en\/\" data-page-num=\"1\">\n\t\t\t\t\t\t\t<button class=\"e-filter-item\" data-filter=\"emane-en\" aria-pressed=\"false\">Emane<\/button>\n\t\t\t\t\t\t\t<button class=\"e-filter-item\" data-filter=\"isane-en\" aria-pressed=\"false\">Isane<\/button>\n\t\t\t\n\t\t\t\t\t\t\t\t\t<button class=\"e-filter-item\" data-filter=\"__all\" aria-pressed=\"true\">\n\t\t\t\tAll from\t\t\t<\/button>\n\t\t\t\t\t<\/search>\n\t\t\t\t\t\t<\/div>\n\t\t\t\t<\/div>\n\t\t\t\t<div class=\"elementor-element elementor-element-93d6ceb sc_fly_static elementor-widget elementor-widget-taxonomy-filter\" data-id=\"93d6ceb\" data-element_type=\"widget\" data-e-type=\"widget\" data-settings=\"{&quot;selected_element&quot;:&quot;bd4c6f0&quot;,&quot;taxonomy&quot;:&quot;pa_vanus&quot;,&quot;item_alignment_horizontal&quot;:&quot;start&quot;,&quot;horizontal_scroll&quot;:&quot;disable&quot;}\" data-widget_type=\"taxonomy-filter.default\">\n\t\t\t\t<div class=\"elementor-widget-container\">\n\t\t\t\t\t\t\t<search class=\"e-filter\" role=\"search\" data-base-url=\"https:\/\/kassideturvakodu.ee\/en\/\" data-page-num=\"1\">\n\t\t\t\t\t\t\t<button class=\"e-filter-item\" data-filter=\"adults\" aria-pressed=\"false\">Adults<\/button>\n\t\t\t\t\t\t\t<button class=\"e-filter-item\" data-filter=\"kitten\" aria-pressed=\"false\">Kitten<\/button>\n\t\t\t\n\t\t\t\t\t\t\t\t\t<button class=\"e-filter-item\" data-filter=\"__all\" aria-pressed=\"true\">\n\t\t\t\tAll from\t\t\t<\/button>\n\t\t\t\t\t<\/search>\n\t\t\t\t\t\t<\/div>\n\t\t\t\t<\/div>\n\t\t\t\t<div class=\"elementor-element elementor-element-8fc13c8 sc_fly_static elementor-widget elementor-widget-taxonomy-filter\" data-id=\"8fc13c8\" data-element_type=\"widget\" data-e-type=\"widget\" data-settings=\"{&quot;selected_element&quot;:&quot;bd4c6f0&quot;,&quot;taxonomy&quot;:&quot;pa_asukoht&quot;,&quot;item_alignment_horizontal&quot;:&quot;start&quot;,&quot;horizontal_scroll&quot;:&quot;disable&quot;}\" data-widget_type=\"taxonomy-filter.default\">\n\t\t\t\t<div class=\"elementor-widget-container\">\n\t\t\t\t\t\t\t<search class=\"e-filter\" role=\"search\" data-base-url=\"https:\/\/kassideturvakodu.ee\/en\/\" data-page-num=\"1\">\n\t\t\t\t\t\t\t<button class=\"e-filter-item\" data-filter=\"in-urgent-need-of-a-foster-or-adoptive-home\" aria-pressed=\"false\">In urgent need of a foster or adoptive home<\/button>\n\t\t\t\t\t\t\t<button class=\"e-filter-item\" data-filter=\"shelter-en\" aria-pressed=\"false\">Shelter<\/button>\n\t\t\t\t\t\t\t<button class=\"e-filter-item\" data-filter=\"shelter\" aria-pressed=\"false\">Shelter<\/button>\n\t\t\t\n\t\t\t\t\t\t\t\t\t<button class=\"e-filter-item\" data-filter=\"__all\" aria-pressed=\"true\">\n\t\t\t\tAll from\t\t\t<\/button>\n\t\t\t\t\t<\/search>\n\t\t\t\t\t\t<\/div>\n\t\t\t\t<\/div>\n\t\t\t\t<div class=\"elementor-element elementor-element-119af01 sc_fly_static elementor-widget elementor-widget-taxonomy-filter\" data-id=\"119af01\" data-element_type=\"widget\" data-e-type=\"widget\" data-settings=\"{&quot;selected_element&quot;:&quot;bd4c6f0&quot;,&quot;taxonomy&quot;:&quot;pa_varv&quot;,&quot;item_alignment_horizontal&quot;:&quot;start&quot;,&quot;horizontal_scroll&quot;:&quot;disable&quot;}\" data-widget_type=\"taxonomy-filter.default\">\n\t\t\t\t<div class=\"elementor-widget-container\">\n\t\t\t\t\t\t\t<search class=\"e-filter\" role=\"search\" data-base-url=\"https:\/\/kassideturvakodu.ee\/en\/\" data-page-num=\"1\">\n\t\t\t\t\t\t\t<button class=\"e-filter-item\" data-filter=\"black\" aria-pressed=\"false\">Black<\/button>\n\t\t\t\t\t\t\t<button class=\"e-filter-item\" data-filter=\"black-and-white\" aria-pressed=\"false\">Black and white<\/button>\n\t\t\t\t\t\t\t<button class=\"e-filter-item\" data-filter=\"hall-en\" aria-pressed=\"false\">Hall<\/button>\n\t\t\t\t\t\t\t<button class=\"e-filter-item\" data-filter=\"red\" aria-pressed=\"false\">Red<\/button>\n\t\t\t\t\t\t\t<button class=\"e-filter-item\" data-filter=\"tribuline\" aria-pressed=\"false\">Tribuline<\/button>\n\t\t\t\t\t\t\t<button class=\"e-filter-item\" data-filter=\"tricolour\" aria-pressed=\"false\">Tricolour<\/button>\n\t\t\t\t\t\t\t<button class=\"e-filter-item\" data-filter=\"white\" aria-pressed=\"false\">White<\/button>\n\t\t\t\n\t\t\t\t\t\t\t\t\t<button class=\"e-filter-item\" data-filter=\"__all\" aria-pressed=\"true\">\n\t\t\t\tAll from\t\t\t<\/button>\n\t\t\t\t\t<\/search>\n\t\t\t\t\t\t<\/div>\n\t\t\t\t<\/div>\n\t\t\t\t<\/div>\n\t\t\t\t\t<\/div>\n\t\t\t\t<\/div>\n\t\t<div class=\"elementor-element elementor-element-f47fa79 e-flex e-con-boxed sc_layouts_column_icons_position_left e-con e-parent\" data-id=\"f47fa79\" data-element_type=\"container\" data-e-type=\"container\">\n\t\t\t\t\t<div class=\"e-con-inner\">\n\t\t\t\t<div class=\"woocommerce elementor-element elementor-element-bd4c6f0 elementor-grid-3 elementor-grid-mobile-1 elementor-grid-tablet-2 sc_fly_static elementor-widget elementor-widget-loop-grid\" data-id=\"bd4c6f0\" data-element_type=\"widget\" data-e-type=\"widget\" data-settings=\"{&quot;_skin&quot;:&quot;product&quot;,&quot;template_id&quot;:3226,&quot;columns&quot;:3,&quot;pagination_type&quot;:&quot;load_more_on_click&quot;,&quot;columns_mobile&quot;:1,&quot;row_gap&quot;:{&quot;unit&quot;:&quot;px&quot;,&quot;size&quot;:20,&quot;sizes&quot;:[]},&quot;columns_tablet&quot;:&quot;2&quot;,&quot;edit_handle_selector&quot;:&quot;[data-elementor-type=\\&quot;loop-item\\&quot;]&quot;,&quot;load_more_spinner&quot;:{&quot;value&quot;:&quot;fas fa-spinner&quot;,&quot;library&quot;:&quot;fa-solid&quot;},&quot;row_gap_tablet&quot;:{&quot;unit&quot;:&quot;px&quot;,&quot;size&quot;:&quot;&quot;,&quot;sizes&quot;:[]},&quot;row_gap_mobile&quot;:{&quot;unit&quot;:&quot;px&quot;,&quot;size&quot;:&quot;&quot;,&quot;sizes&quot;:[]}}\" data-widget_type=\"loop-grid.product\">\n\t\t\t\t<div class=\"elementor-widget-container\">\n\t\t\t\t\t\t\t<div class=\"e-loop-nothing-found-message\">\n\t\t<\/div>\n\t\t\t\t\t\t<\/div>\n\t\t\t\t<\/div>\n\t\t\t\t\t<\/div>\n\t\t\t\t<\/div>\n\t\t\t\t<\/div>\n\t\t","protected":false},"excerpt":{"rendered":"<p>Search for a soulmate Emane Isane All from Kassipoeg T\u00e4iskasvanud All from Vajavad kiirelt hoiu- v\u00f5i p\u00e4riskodu Turvakodus Hoiukodus All from Hall Kolmev\u00e4rviline Must Mustvalge Punane Triibuline Valge All from<\/p>\n","protected":false},"author":2,"featured_media":1862,"parent":0,"menu_order":0,"comment_status":"closed","ping_status":"closed","template":"","meta":{"footnotes":""},"class_list":["post-3192","page","type-page","status-publish","has-post-thumbnail","hentry"],"yoast_head":"<!-- This site is optimized with the Yoast SEO plugin v27.6 - https:\/\/yoast.com\/product\/yoast-seo-wordpress\/ -->\n<title>Looking for a home - Adopt a cat | MT&Uuml; Kasside Turvakodu<\/title>\n<meta name=\"description\" content=\"Discover the cats of the NGO Cats Shelter who are looking for a loving home. Find out how to take the first step in adopting a new family member.\" \/>\n<meta name=\"robots\" content=\"index, follow, max-snippet:-1, max-image-preview:large, max-video-preview:-1\" \/>\n<link rel=\"canonical\" href=\"https:\/\/kassideturvakodu.ee\/otsivad-kodu\/\" \/>\n<meta property=\"og:locale\" content=\"en_US\" \/>\n<meta property=\"og:type\" content=\"article\" \/>\n<meta property=\"og:title\" content=\"Looking for a home - Adopt a cat | MT&Uuml; Kasside Turvakodu\" \/>\n<meta property=\"og:description\" content=\"Discover the cats of the NGO Cats Shelter who are looking for a loving home. Find out how to take the first step in adopting a new family member.\" \/>\n<meta property=\"og:url\" content=\"https:\/\/kassideturvakodu.ee\/otsivad-kodu\/\" \/>\n<meta property=\"og:site_name\" content=\"MT&Uuml; Kasside Turvakodu\" \/>\n<meta property=\"article:modified_time\" content=\"2025-06-04T11:20:48+00:00\" \/>\n<meta property=\"og:image\" content=\"https:\/\/kassideturvakodu.ee\/wp-content\/uploads\/2024\/12\/241691173_4438535976207662_5620201646346657673_n.jpg\" \/>\n\t<meta property=\"og:image:width\" content=\"800\" \/>\n\t<meta property=\"og:image:height\" content=\"600\" \/>\n\t<meta property=\"og:image:type\" content=\"image\/jpeg\" \/>\n<meta name=\"twitter:card\" content=\"summary_large_image\" \/>\n<script type=\"application\/ld+json\" class=\"yoast-schema-graph\">{\"@context\":\"https:\\\/\\\/schema.org\",\"@graph\":[{\"@type\":\"WebPage\",\"@id\":\"https:\\\/\\\/kassideturvakodu.ee\\\/otsivad-kodu\\\/\",\"url\":\"https:\\\/\\\/kassideturvakodu.ee\\\/otsivad-kodu\\\/\",\"name\":\"Looking for a home - Adopt a cat | MT&Uuml; Kasside Turvakodu\",\"isPartOf\":{\"@id\":\"https:\\\/\\\/kassideturvakodu.ee\\\/#website\"},\"primaryImageOfPage\":{\"@id\":\"https:\\\/\\\/kassideturvakodu.ee\\\/otsivad-kodu\\\/#primaryimage\"},\"image\":{\"@id\":\"https:\\\/\\\/kassideturvakodu.ee\\\/otsivad-kodu\\\/#primaryimage\"},\"thumbnailUrl\":\"https:\\\/\\\/kassideturvakodu.ee\\\/wp-content\\\/uploads\\\/2024\\\/12\\\/241691173_4438535976207662_5620201646346657673_n.jpg\",\"datePublished\":\"2025-01-01T11:02:25+00:00\",\"dateModified\":\"2025-06-04T11:20:48+00:00\",\"description\":\"Discover the cats of the NGO Cats Shelter who are looking for a loving home. Find out how to take the first step in adopting a new family member.\",\"breadcrumb\":{\"@id\":\"https:\\\/\\\/kassideturvakodu.ee\\\/otsivad-kodu\\\/#breadcrumb\"},\"inLanguage\":\"en-US\",\"potentialAction\":[{\"@type\":\"ReadAction\",\"target\":[\"https:\\\/\\\/kassideturvakodu.ee\\\/otsivad-kodu\\\/\"]}]},{\"@type\":\"ImageObject\",\"inLanguage\":\"en-US\",\"@id\":\"https:\\\/\\\/kassideturvakodu.ee\\\/otsivad-kodu\\\/#primaryimage\",\"url\":\"https:\\\/\\\/kassideturvakodu.ee\\\/wp-content\\\/uploads\\\/2024\\\/12\\\/241691173_4438535976207662_5620201646346657673_n.jpg\",\"contentUrl\":\"https:\\\/\\\/kassideturvakodu.ee\\\/wp-content\\\/uploads\\\/2024\\\/12\\\/241691173_4438535976207662_5620201646346657673_n.jpg\",\"width\":800,\"height\":600,\"caption\":\"Triibuline kassipoeg Kasside Turvakodu hoole all, kaisutamas inimest ja m\u00e4ngimas juustega.\"},{\"@type\":\"BreadcrumbList\",\"@id\":\"https:\\\/\\\/kassideturvakodu.ee\\\/otsivad-kodu\\\/#breadcrumb\",\"itemListElement\":[{\"@type\":\"ListItem\",\"position\":1,\"name\":\"Home\",\"item\":\"https:\\\/\\\/kassideturvakodu.ee\\\/en\\\/\"},{\"@type\":\"ListItem\",\"position\":2,\"name\":\"Looking for a home\"}]},{\"@type\":\"WebSite\",\"@id\":\"https:\\\/\\\/kassideturvakodu.ee\\\/#website\",\"url\":\"https:\\\/\\\/kassideturvakodu.ee\\\/\",\"name\":\"MT&Uuml; Kasside Turvakodu\",\"description\":\"\",\"publisher\":{\"@id\":\"https:\\\/\\\/kassideturvakodu.ee\\\/#organization\"},\"potentialAction\":[{\"@type\":\"SearchAction\",\"target\":{\"@type\":\"EntryPoint\",\"urlTemplate\":\"https:\\\/\\\/kassideturvakodu.ee\\\/?s={search_term_string}\"},\"query-input\":{\"@type\":\"PropertyValueSpecification\",\"valueRequired\":true,\"valueName\":\"search_term_string\"}}],\"inLanguage\":\"en-US\"},{\"@type\":\"Organization\",\"@id\":\"https:\\\/\\\/kassideturvakodu.ee\\\/#organization\",\"name\":\"MT&Uuml; Kasside Turvakodu\",\"url\":\"https:\\\/\\\/kassideturvakodu.ee\\\/\",\"logo\":{\"@type\":\"ImageObject\",\"inLanguage\":\"en-US\",\"@id\":\"https:\\\/\\\/kassideturvakodu.ee\\\/#\\\/schema\\\/logo\\\/image\\\/\",\"url\":\"https:\\\/\\\/kassideturvakodu.ee\\\/wp-content\\\/uploads\\\/2024\\\/12\\\/kassid.png\",\"contentUrl\":\"https:\\\/\\\/kassideturvakodu.ee\\\/wp-content\\\/uploads\\\/2024\\\/12\\\/kassid.png\",\"width\":120,\"height\":130,\"caption\":\"MT&Uuml; Kasside Turvakodu\"},\"image\":{\"@id\":\"https:\\\/\\\/kassideturvakodu.ee\\\/#\\\/schema\\\/logo\\\/image\\\/\"}}]}<\/script>\n<!-- \/ Yoast SEO plugin. -->","yoast_head_json":{"title":"Looking for a home - Adopt a cat | MT&Uuml; Kasside Turvakodu","description":"Discover the cats of the NGO Cats Shelter who are looking for a loving home. Find out how to take the first step in adopting a new family member.","robots":{"index":"index","follow":"follow","max-snippet":"max-snippet:-1","max-image-preview":"max-image-preview:large","max-video-preview":"max-video-preview:-1"},"canonical":"https:\/\/kassideturvakodu.ee\/otsivad-kodu\/","og_locale":"en_US","og_type":"article","og_title":"Looking for a home - Adopt a cat | MT&Uuml; Kasside Turvakodu","og_description":"Discover the cats of the NGO Cats Shelter who are looking for a loving home. Find out how to take the first step in adopting a new family member.","og_url":"https:\/\/kassideturvakodu.ee\/otsivad-kodu\/","og_site_name":"MT&Uuml; Kasside Turvakodu","article_modified_time":"2025-06-04T11:20:48+00:00","og_image":[{"width":800,"height":600,"url":"https:\/\/kassideturvakodu.ee\/wp-content\/uploads\/2024\/12\/241691173_4438535976207662_5620201646346657673_n.jpg","type":"image\/jpeg"}],"twitter_card":"summary_large_image","schema":{"@context":"https:\/\/schema.org","@graph":[{"@type":"WebPage","@id":"https:\/\/kassideturvakodu.ee\/otsivad-kodu\/","url":"https:\/\/kassideturvakodu.ee\/otsivad-kodu\/","name":"Looking for a home - Adopt a cat | MT&Uuml; Kasside Turvakodu","isPartOf":{"@id":"https:\/\/kassideturvakodu.ee\/#website"},"primaryImageOfPage":{"@id":"https:\/\/kassideturvakodu.ee\/otsivad-kodu\/#primaryimage"},"image":{"@id":"https:\/\/kassideturvakodu.ee\/otsivad-kodu\/#primaryimage"},"thumbnailUrl":"https:\/\/kassideturvakodu.ee\/wp-content\/uploads\/2024\/12\/241691173_4438535976207662_5620201646346657673_n.jpg","datePublished":"2025-01-01T11:02:25+00:00","dateModified":"2025-06-04T11:20:48+00:00","description":"Discover the cats of the NGO Cats Shelter who are looking for a loving home. Find out how to take the first step in adopting a new family member.","breadcrumb":{"@id":"https:\/\/kassideturvakodu.ee\/otsivad-kodu\/#breadcrumb"},"inLanguage":"en-US","potentialAction":[{"@type":"ReadAction","target":["https:\/\/kassideturvakodu.ee\/otsivad-kodu\/"]}]},{"@type":"ImageObject","inLanguage":"en-US","@id":"https:\/\/kassideturvakodu.ee\/otsivad-kodu\/#primaryimage","url":"https:\/\/kassideturvakodu.ee\/wp-content\/uploads\/2024\/12\/241691173_4438535976207662_5620201646346657673_n.jpg","contentUrl":"https:\/\/kassideturvakodu.ee\/wp-content\/uploads\/2024\/12\/241691173_4438535976207662_5620201646346657673_n.jpg","width":800,"height":600,"caption":"Triibuline kassipoeg Kasside Turvakodu hoole all, kaisutamas inimest ja m\u00e4ngimas juustega."},{"@type":"BreadcrumbList","@id":"https:\/\/kassideturvakodu.ee\/otsivad-kodu\/#breadcrumb","itemListElement":[{"@type":"ListItem","position":1,"name":"Home","item":"https:\/\/kassideturvakodu.ee\/en\/"},{"@type":"ListItem","position":2,"name":"Looking for a home"}]},{"@type":"WebSite","@id":"https:\/\/kassideturvakodu.ee\/#website","url":"https:\/\/kassideturvakodu.ee\/","name":"MT&Uuml; Kasside Turvakodu","description":"","publisher":{"@id":"https:\/\/kassideturvakodu.ee\/#organization"},"potentialAction":[{"@type":"SearchAction","target":{"@type":"EntryPoint","urlTemplate":"https:\/\/kassideturvakodu.ee\/?s={search_term_string}"},"query-input":{"@type":"PropertyValueSpecification","valueRequired":true,"valueName":"search_term_string"}}],"inLanguage":"en-US"},{"@type":"Organization","@id":"https:\/\/kassideturvakodu.ee\/#organization","name":"MT&Uuml; Kasside Turvakodu","url":"https:\/\/kassideturvakodu.ee\/","logo":{"@type":"ImageObject","inLanguage":"en-US","@id":"https:\/\/kassideturvakodu.ee\/#\/schema\/logo\/image\/","url":"https:\/\/kassideturvakodu.ee\/wp-content\/uploads\/2024\/12\/kassid.png","contentUrl":"https:\/\/kassideturvakodu.ee\/wp-content\/uploads\/2024\/12\/kassid.png","width":120,"height":130,"caption":"MT&Uuml; Kasside Turvakodu"},"image":{"@id":"https:\/\/kassideturvakodu.ee\/#\/schema\/logo\/image\/"}}]}},"_links":{"self":[{"href":"https:\/\/kassideturvakodu.ee\/en\/wp-json\/wp\/v2\/pages\/3192","targetHints":{"allow":["GET"]}}],"collection":[{"href":"https:\/\/kassideturvakodu.ee\/en\/wp-json\/wp\/v2\/pages"}],"about":[{"href":"https:\/\/kassideturvakodu.ee\/en\/wp-json\/wp\/v2\/types\/page"}],"author":[{"embeddable":true,"href":"https:\/\/kassideturvakodu.ee\/en\/wp-json\/wp\/v2\/users\/2"}],"replies":[{"embeddable":true,"href":"https:\/\/kassideturvakodu.ee\/en\/wp-json\/wp\/v2\/comments?post=3192"}],"version-history":[{"count":3,"href":"https:\/\/kassideturvakodu.ee\/en\/wp-json\/wp\/v2\/pages\/3192\/revisions"}],"predecessor-version":[{"id":4062,"href":"https:\/\/kassideturvakodu.ee\/en\/wp-json\/wp\/v2\/pages\/3192\/revisions\/4062"}],"wp:featuredmedia":[{"embeddable":true,"href":"https:\/\/kassideturvakodu.ee\/en\/wp-json\/wp\/v2\/media\/1862"}],"wp:attachment":[{"href":"https:\/\/kassideturvakodu.ee\/en\/wp-json\/wp\/v2\/media?parent=3192"}],"curies":[{"name":"wp","href":"https:\/\/api.w.org\/{rel}","templated":true}]}}